{"id":12,"date":"2016-02-11T16:21:33","date_gmt":"2016-02-11T16:21:33","guid":{"rendered":"http:\/\/gyori-bene.hu\/?page_id=12"},"modified":"2018-08-29T18:49:36","modified_gmt":"2018-08-29T18:49:36","slug":"elerhetoseg","status":"publish","type":"page","link":"https:\/\/gyori-bene.hu\/?page_id=12","title":{"rendered":"El\u00e9rhet\u0151s\u00e9g"},"content":{"rendered":"<p><strong>Gy\u0151ri-Bene F\u00e9mipari Kft.<\/strong><br \/>\n7347 Egyh\u00e1zaskoz\u00e1r<br \/>\nTin\u00f3di u. 54.<br \/>\nMobil: +36 (30) 359-8890<br \/>\nE-mail: gyori.csaba@gyori-bene.hu <a href=\"mailto:gyori.csaba@gyori-bene.hu\">Gy\u0151ri Csaba<\/a><\/p>\n","protected":false},"excerpt":{"rendered":"<p>Gy\u0151ri-Bene F\u00e9mipari Kft. 7347 Egyh\u00e1zaskoz\u00e1r Tin\u00f3di u. 54. Mobil: +36 (30) 359-8890 E-mail: gyori.csaba@gyori-bene.hu Gy\u0151ri Csaba<\/p>\n","protected":false},"author":1,"featured_media":0,"parent":0,"menu_order":0,"comment_status":"closed","ping_status":"closed","template":"","meta":[],"_links":{"self":[{"href":"https:\/\/gyori-bene.hu\/index.php?rest_route=\/wp\/v2\/pages\/12"}],"collection":[{"href":"https:\/\/gyori-bene.hu\/index.php?rest_route=\/wp\/v2\/pages"}],"about":[{"href":"https:\/\/gyori-bene.hu\/index.php?rest_route=\/wp\/v2\/types\/page"}],"author":[{"embeddable":true,"href":"https:\/\/gyori-bene.hu\/index.php?rest_route=\/wp\/v2\/users\/1"}],"replies":[{"embeddable":true,"href":"https:\/\/gyori-bene.hu\/index.php?rest_route=%2Fwp%2Fv2%2Fcomments&post=12"}],"version-history":[{"count":7,"href":"https:\/\/gyori-bene.hu\/index.php?rest_route=\/wp\/v2\/pages\/12\/revisions"}],"predecessor-version":[{"id":450,"href":"https:\/\/gyori-bene.hu\/index.php?rest_route=\/wp\/v2\/pages\/12\/revisions\/450"}],"wp:attachment":[{"href":"https:\/\/gyori-bene.hu\/index.php?rest_route=%2Fwp%2Fv2%2Fmedia&parent=12"}],"curies":[{"name":"wp","href":"https:\/\/api.w.org\/{rel}","templated":true}]}}