{"id":22,"date":"2016-02-11T18:29:02","date_gmt":"2016-02-11T18:29:02","guid":{"rendered":"http:\/\/gyori-bene.hu\/?page_id=22"},"modified":"2016-02-11T23:53:04","modified_gmt":"2016-02-11T23:53:04","slug":"cegismerteto","status":"publish","type":"page","link":"https:\/\/gyori-bene.hu\/?page_id=22","title":{"rendered":"C\u00e9gismertet\u0151"},"content":{"rendered":"<p>A korszer\u0171 \u00e1llattart\u00e1s egyik k\u00f6vetelm\u00e9nye a megfelel\u0151 eszk\u00f6zell\u00e1totts\u00e1g, <img decoding=\"async\" loading=\"lazy\" class=\"size-full wp-image-23 alignright\" src=\"http:\/\/gyori-bene.hu\/wp-content\/uploads\/2016\/02\/muhely.jpg\" alt=\"muhely\" width=\"250\" height=\"187\" \/>a hat\u00e9kony termel\u00e9s \u00e9rdek\u00e9ben. Fontosnak tartjuk megrendel\u0151ink elv\u00e1r\u00e1sainak, ig\u00e9nyeinek magas sz\u00ednvonal\u00fa, hat\u00e1rid\u0151re t\u00f6rt\u00e9n\u0151 kiszolg\u00e1l\u00e1s\u00e1t.<\/p>\n<p>Term\u00e9keinket folyamatosan fejlesztj\u00fck a teny\u00e9szt\u0151k visszajelz\u00e9seinek alapj\u00e1n. Ennek k\u00f6sz\u00f6nhet\u0151en a partnerekkel a j\u00f3 kapcsolattart\u00e1s a folyamatos vev\u0151i k\u00f6r b\u0151v\u00fcl\u00e9s.<\/p>\n","protected":false},"excerpt":{"rendered":"<p>A korszer\u0171 \u00e1llattart\u00e1s egyik k\u00f6vetelm\u00e9nye a megfelel\u0151 eszk\u00f6zell\u00e1totts\u00e1g, a hat\u00e9kony termel\u00e9s \u00e9rdek\u00e9ben. Fontosnak tartjuk megrendel\u0151ink elv\u00e1r\u00e1sainak, ig\u00e9nyeinek magas sz\u00ednvonal\u00fa, hat\u00e1rid\u0151re t\u00f6rt\u00e9n\u0151 kiszolg\u00e1l\u00e1s\u00e1t. Term\u00e9keinket folyamatosan fejlesztj\u00fck a teny\u00e9szt\u0151k visszajelz\u00e9seinek alapj\u00e1n. Ennek k\u00f6sz\u00f6nhet\u0151en a partnerekkel a j\u00f3 kapcsolattart\u00e1s a folyamatos vev\u0151i k\u00f6r b\u0151v\u00fcl\u00e9s.<\/p>\n","protected":false},"author":1,"featured_media":0,"parent":0,"menu_order":0,"comment_status":"closed","ping_status":"closed","template":"","meta":[],"_links":{"self":[{"href":"https:\/\/gyori-bene.hu\/index.php?rest_route=\/wp\/v2\/pages\/22"}],"collection":[{"href":"https:\/\/gyori-bene.hu\/index.php?rest_route=\/wp\/v2\/pages"}],"about":[{"href":"https:\/\/gyori-bene.hu\/index.php?rest_route=\/wp\/v2\/types\/page"}],"author":[{"embeddable":true,"href":"https:\/\/gyori-bene.hu\/index.php?rest_route=\/wp\/v2\/users\/1"}],"replies":[{"embeddable":true,"href":"https:\/\/gyori-bene.hu\/index.php?rest_route=%2Fwp%2Fv2%2Fcomments&post=22"}],"version-history":[{"count":5,"href":"https:\/\/gyori-bene.hu\/index.php?rest_route=\/wp\/v2\/pages\/22\/revisions"}],"predecessor-version":[{"id":87,"href":"https:\/\/gyori-bene.hu\/index.php?rest_route=\/wp\/v2\/pages\/22\/revisions\/87"}],"wp:attachment":[{"href":"https:\/\/gyori-bene.hu\/index.php?rest_route=%2Fwp%2Fv2%2Fmedia&parent=22"}],"curies":[{"name":"wp","href":"https:\/\/api.w.org\/{rel}","templated":true}]}}