{"id":341,"date":"2016-11-02T16:46:26","date_gmt":"2016-11-02T16:46:26","guid":{"rendered":"http:\/\/gyori-bene.hu\/?page_id=341"},"modified":"2025-09-17T18:38:30","modified_gmt":"2025-09-17T18:38:30","slug":"arlista","status":"publish","type":"page","link":"https:\/\/gyori-bene.hu\/?page_id=341","title":{"rendered":"\u00c1rlista"},"content":{"rendered":"<h4>Juhteny\u00e9szt\u0151 eszk\u00f6z\u00f6k<\/h4>\n<p>\u00c1rak t\u00e1j\u00e9koztat\u00f3 jelleg\u0171ek, az ac\u00e9l alapanyagok \u00f3ri\u00e1si \u00e1remelked\u00e9se miatt, aktu\u00e1lis \u00e1rakr\u00f3l \u00e9rdekl\u0151dj\u00f6n\u00a0 el\u00e9rhet\u0151s\u00e9geinken!<\/p>\n<ul>\n<li>Gy\u0151ri-Bene juh k\u00f6rkar\u00e1m 1\/2 k\u00f6r\u00edv:<\/li>\n<li>Gy\u0151ri-Bene juh kezel\u0151 kaloda 01(k\u00f6rm\u00f6l\u0151) : 235.000,- Ft + \u00c1fa<\/li>\n<li>Gy\u0151ri-Bene juh kezel\u0151 kaloda 02(magas\u00edtott k\u00f6rm\u00f6l\u0151): 260.000,-Ft +\u00c1fa<\/li>\n<li>Gy\u0151ri-Bene juh kar\u00e1melem 1.2: 17.400,-Ft + \u00e1fa<\/li>\n<li>Gy\u0151ri-Bene juh kar\u00e1melem 2.0 (m:900mm): 26.400,- Ft + \u00c1fa<\/li>\n<li>Gy\u0151ri-Bene juh kar\u00e1melem 2.1 (m:1000mm): 28.500,-Ft+\u00c1fa<\/li>\n<li>Gy\u0151ri-Bene juh kar\u00e1melem 2.2(m:1200mm): 31.500,-Ft+\u00e1fa<\/li>\n<li>Gy\u0151ri-Bene juh hengerb\u00e1la etet\u0151 1,65 m: 65.000,- Ft + \u00c1fa<\/li>\n<li>Gy\u0151ri-Bene juh hengerb\u00e1la etet\u0151 1,5 m: 62.500,- Ft + \u00c1fa<\/li>\n<li>Gy\u0151ri-Bene juh etet\u0151v\u00e1ly\u00fa 2 m (b\u0151g\u0151r\u00e1cs): 52.000,- Ft+\u00e1fa<\/li>\n<li>Gy\u0151ri-Bene juh ellet\u0151 bokszok 4 any\u00e1s: 208.000,- Ft + \u00c1fa<\/li>\n<li>Gy\u0151ri-Bene \u00f6netet\u0151 1 m: 76.000,- + \u00c1fa<\/li>\n<li>Gy\u0151ri-Bene \u00f6netet\u0151 2 m: 145.000,- + \u00c1fa<\/li>\n<li>Gy\u0151ri-Bene juh etet\u0151v\u00e1ly\u00fa 2,5 m: 42.900,- Ft + \u00c1fa<\/li>\n<li>Gy\u0151ri-Bene b\u00e1r\u00e1ny \u00f3voda elem: 35.500,- Ft + \u00c1fa<\/li>\n<li>Gy\u0151ri-Bene juh v\u00e1logat\u00f3 kapu: 33.000,- Ft + \u00c1fa<\/li>\n<li>Gy\u0151ri-Bene juh v\u00e1logat\u00f3 folyos\u00f3 szakaszol\u00f3 ajt\u00f3: 33.000,- Ft + \u00c1fa<\/li>\n<li>Gy\u0151ri-Bene juh v\u00e1logat\u00f3 folyos\u00f3 elem 2,5 m: 40.500,- Ft + \u00c1fa<\/li>\n<li>Gy\u0151ri-Bene juh v\u00e1logat\u00f3 folyos\u00f3 elem 1,25 m: 21.500,- Ft + \u00c1fa<\/li>\n<li>Gy\u0151ri-Bene juh v\u00e1logat\u00f3 folyos\u00f3 told\u00f3: 9000,-+\u00c1fa<\/li>\n<li>Gy\u0151ri-Bene juh szinttart\u00f3s itat\u00f3 1,5: 32.900,- Ft + \u00c1fa<\/li>\n<li>Gy\u0151ri-Bene juh itat\u00f3 v\u00e1ly\u00fa 2 m: 26.500,-+\u00c1fa<\/li>\n<li>Gy\u0151ri-Bene juh ny\u00edl\u00f3 kar\u00e1melem: 36.500,- Ft + \u00c1fa<\/li>\n<li>Gy\u0151ri-Bene juh l\u00e9ptet\u0151 v\u00e1ly\u00fa: 61.000,- Ft + \u00c1fa<\/li>\n<li>Gy\u0151ri-Bene juh k\u00f6rkar\u00e1m 3\/4 k\u00f6r\u00edv: 346.000,- Ft + \u00c1fa<\/li>\n<li>Gy\u0151ri-Bene juh v\u00e1logat\u00f3 kar\u00e1mrendszer:<\/li>\n<\/ul>\n<h4>Szarvasmarha teny\u00e9szt\u0151 eszk\u00f6z\u00f6k<\/h4>\n<ul>\n<li>Gy\u0151ri-Bene szarvasmarha-l\u00f3 kar\u00e1melem 1,7 \u00d7 3,0: 53.900,- Ft + \u00c1fa<\/li>\n<li>Gy\u0151ri-Bene szarvasmarha-l\u00f3 hengerb\u00e1la etet\u0151 9,0: 167.000,- Ft + \u00c1fa<\/li>\n<li>Gy\u0151ri-Bene szarvasmarha-l\u00f3 hengerb\u00e1la etet\u0151 12,0: 221.000,- Ft + \u00c1fa<\/li>\n<li>Gy\u0151ri-Bene szarvasmarha-l\u00f3 hengerb\u00e1la etet\u0151 16,0: 294.000,- Ft + \u00c1fa<\/li>\n<li>Gy\u0151ri-Bene borj\u00fa kifut\u00f3: ,- Ft + \u00c1fa<\/li>\n<li>Gy\u0151ri-Bene szarvasmarha-l\u00f3 etet\u0151-itat\u00f3v\u00e1ly\u00fa 2 m:80.000+\u00c1fa (szinttart\u00f3sba is rendelhet\u0151)<\/li>\n<li>Gy\u0151ri-Bene szarvasmarha-l\u00f3 etet\u0151-itat\u00f3v\u00e1ly\u00fa 3 m:110.000+\u00c1fa (szinttart\u00f3sba is rendelhet\u0151)<\/li>\n<li>Gy\u0151ri-Bene szarvasmarha-l\u00f3 etet\u0151v\u00e1ly\u00fa 2,5 m: .000+\u00c1fa<\/li>\n<\/ul>\n<p>2025.08.20.<\/p>\n","protected":false},"excerpt":{"rendered":"<p>Juhteny\u00e9szt\u0151 eszk\u00f6z\u00f6k \u00c1rak t\u00e1j\u00e9koztat\u00f3 jelleg\u0171ek, az ac\u00e9l alapanyagok \u00f3ri\u00e1si \u00e1remelked\u00e9se miatt, aktu\u00e1lis \u00e1rakr\u00f3l \u00e9rdekl\u0151dj\u00f6n\u00a0 el\u00e9rhet\u0151s\u00e9geinken! Gy\u0151ri-Bene juh k\u00f6rkar\u00e1m 1\/2 k\u00f6r\u00edv: Gy\u0151ri-Bene juh kezel\u0151 kaloda 01(k\u00f6rm\u00f6l\u0151) : 235.000,- Ft + \u00c1fa Gy\u0151ri-Bene juh kezel\u0151 kaloda 02(magas\u00edtott k\u00f6rm\u00f6l\u0151): 260.000,-Ft +\u00c1fa Gy\u0151ri-Bene juh kar\u00e1melem 1.2: 17.400,-Ft + \u00e1fa Gy\u0151ri-Bene juh kar\u00e1melem 2.0 (m:900mm): 26.400,- Ft + \u00c1fa Gy\u0151ri-Bene [&hellip;]<\/p>\n","protected":false},"author":1,"featured_media":0,"parent":0,"menu_order":0,"comment_status":"closed","ping_status":"closed","template":"","meta":[],"_links":{"self":[{"href":"https:\/\/gyori-bene.hu\/index.php?rest_route=\/wp\/v2\/pages\/341"}],"collection":[{"href":"https:\/\/gyori-bene.hu\/index.php?rest_route=\/wp\/v2\/pages"}],"about":[{"href":"https:\/\/gyori-bene.hu\/index.php?rest_route=\/wp\/v2\/types\/page"}],"author":[{"embeddable":true,"href":"https:\/\/gyori-bene.hu\/index.php?rest_route=\/wp\/v2\/users\/1"}],"replies":[{"embeddable":true,"href":"https:\/\/gyori-bene.hu\/index.php?rest_route=%2Fwp%2Fv2%2Fcomments&post=341"}],"version-history":[{"count":53,"href":"https:\/\/gyori-bene.hu\/index.php?rest_route=\/wp\/v2\/pages\/341\/revisions"}],"predecessor-version":[{"id":554,"href":"https:\/\/gyori-bene.hu\/index.php?rest_route=\/wp\/v2\/pages\/341\/revisions\/554"}],"wp:attachment":[{"href":"https:\/\/gyori-bene.hu\/index.php?rest_route=%2Fwp%2Fv2%2Fmedia&parent=341"}],"curies":[{"name":"wp","href":"https:\/\/api.w.org\/{rel}","templated":true}]}}