{"id":37,"date":"2016-02-11T18:38:36","date_gmt":"2016-02-11T18:38:36","guid":{"rendered":"http:\/\/gyori-bene.hu\/?page_id=37"},"modified":"2016-02-11T18:55:03","modified_gmt":"2016-02-11T18:55:03","slug":"referenciak","status":"publish","type":"page","link":"https:\/\/gyori-bene.hu\/?page_id=37","title":{"rendered":"Referenci\u00e1k"},"content":{"rendered":"<p><strong>Kiss Gyula<\/strong><br \/>\nSzabadh\u00eddv\u00e9g<br \/>\n<img decoding=\"async\" loading=\"lazy\" class=\" wp-image-40 alignright\" src=\"http:\/\/gyori-bene.hu\/wp-content\/uploads\/2016\/02\/referenciak1-300x200.jpg\" alt=\"referenciak1\" width=\"254\" height=\"169\" srcset=\"https:\/\/gyori-bene.hu\/wp-content\/uploads\/2016\/02\/referenciak1-300x200.jpg 300w, https:\/\/gyori-bene.hu\/wp-content\/uploads\/2016\/02\/referenciak1.jpg 530w\" sizes=\"(max-width: 254px) 100vw, 254px\" \/><em>&#8222;Jelent\u0151sen megk\u00f6nny\u00edti munk\u00e1mat a Gy\u0151ri-Bene Kft. \u00e1ltal gy\u00e1rtott korszer\u0171 \u00e1llattart\u00e1si eszk\u00f6z\u00f6k \u00e9s ezekkel az eszk\u00f6z\u00f6kkel betartom az EU \u00e1ltal el\u0151\u00edrt \u00e1llattart\u00e1si szab\u00e1lyokat is.&#8221;<\/em><br \/>\n<img decoding=\"async\" loading=\"lazy\" class=\"alignnone size-full wp-image-47\" src=\"http:\/\/gyori-bene.hu\/wp-content\/uploads\/2016\/02\/referenciak2_kicsi.jpg\" alt=\"referenciak2_kicsi\" width=\"170\" height=\"113\" \/> <img decoding=\"async\" loading=\"lazy\" class=\"alignnone size-full wp-image-49\" src=\"http:\/\/gyori-bene.hu\/wp-content\/uploads\/2016\/02\/referenciak4_kicsi.jpg\" alt=\"referenciak4_kicsi\" width=\"170\" height=\"113\" \/><br \/>\n<img decoding=\"async\" loading=\"lazy\" class=\"alignnone size-full wp-image-44\" src=\"http:\/\/gyori-bene.hu\/wp-content\/uploads\/2016\/02\/referenciajuhok1_kicsi.jpg\" alt=\"referenciajuhok1_kicsi\" width=\"170\" height=\"128\" \/> <img decoding=\"async\" loading=\"lazy\" class=\"alignnone size-full wp-image-46\" src=\"http:\/\/gyori-bene.hu\/wp-content\/uploads\/2016\/02\/referenciajuhok3_kicsi.jpg\" alt=\"referenciajuhok3_kicsi\" width=\"170\" height=\"128\" \/><\/p>\n<hr align=\"Center\" size=\"1\" width=\"100%\" \/>\n<p><strong>Ol\u00e1h L\u00e1szl\u00f3n\u00e9<\/strong><br \/>\nMez\u0151falva<br \/>\n<em>&#8222;Gyors\u00edtja a hat\u00e9kony munkav\u00e9gz\u00e9st, jav\u00edtja annak gazdas\u00e1goss\u00e1g\u00e1t&#8221;<\/em><br \/>\n<img decoding=\"async\" loading=\"lazy\" class=\" wp-image-56 alignright\" src=\"http:\/\/gyori-bene.hu\/wp-content\/uploads\/2016\/02\/eszkozok1.jpg\" alt=\"eszkozok1\" width=\"253\" height=\"190\" \/><br \/>\n<img decoding=\"async\" loading=\"lazy\" class=\"alignnone size-full wp-image-59\" src=\"http:\/\/gyori-bene.hu\/wp-content\/uploads\/2016\/02\/eszkozok2.jpg\" alt=\"eszkozok2\" width=\"170\" height=\"128\" \/> <img decoding=\"async\" loading=\"lazy\" class=\"alignnone size-full wp-image-60\" src=\"http:\/\/gyori-bene.hu\/wp-content\/uploads\/2016\/02\/eszkozok3.jpg\" alt=\"eszkozok3\" width=\"170\" height=\"128\" \/><br \/>\n<img decoding=\"async\" loading=\"lazy\" class=\"alignnone size-full wp-image-61\" src=\"http:\/\/gyori-bene.hu\/wp-content\/uploads\/2016\/02\/eszkozok4.jpg\" alt=\"eszkozok4\" width=\"170\" height=\"128\" \/><\/p>\n","protected":false},"excerpt":{"rendered":"<p>Kiss Gyula Szabadh\u00eddv\u00e9g &#8222;Jelent\u0151sen megk\u00f6nny\u00edti munk\u00e1mat a Gy\u0151ri-Bene Kft. \u00e1ltal gy\u00e1rtott korszer\u0171 \u00e1llattart\u00e1si eszk\u00f6z\u00f6k \u00e9s ezekkel az eszk\u00f6z\u00f6kkel betartom az EU \u00e1ltal el\u0151\u00edrt \u00e1llattart\u00e1si szab\u00e1lyokat is.&#8221; Ol\u00e1h L\u00e1szl\u00f3n\u00e9 Mez\u0151falva &#8222;Gyors\u00edtja a hat\u00e9kony munkav\u00e9gz\u00e9st, jav\u00edtja annak gazdas\u00e1goss\u00e1g\u00e1t&#8221;<\/p>\n","protected":false},"author":1,"featured_media":40,"parent":0,"menu_order":0,"comment_status":"closed","ping_status":"closed","template":"","meta":[],"_links":{"self":[{"href":"https:\/\/gyori-bene.hu\/index.php?rest_route=\/wp\/v2\/pages\/37"}],"collection":[{"href":"https:\/\/gyori-bene.hu\/index.php?rest_route=\/wp\/v2\/pages"}],"about":[{"href":"https:\/\/gyori-bene.hu\/index.php?rest_route=\/wp\/v2\/types\/page"}],"author":[{"embeddable":true,"href":"https:\/\/gyori-bene.hu\/index.php?rest_route=\/wp\/v2\/users\/1"}],"replies":[{"embeddable":true,"href":"https:\/\/gyori-bene.hu\/index.php?rest_route=%2Fwp%2Fv2%2Fcomments&post=37"}],"version-history":[{"count":14,"href":"https:\/\/gyori-bene.hu\/index.php?rest_route=\/wp\/v2\/pages\/37\/revisions"}],"predecessor-version":[{"id":64,"href":"https:\/\/gyori-bene.hu\/index.php?rest_route=\/wp\/v2\/pages\/37\/revisions\/64"}],"wp:featuredmedia":[{"embeddable":true,"href":"https:\/\/gyori-bene.hu\/index.php?rest_route=\/wp\/v2\/media\/40"}],"wp:attachment":[{"href":"https:\/\/gyori-bene.hu\/index.php?rest_route=%2Fwp%2Fv2%2Fmedia&parent=37"}],"curies":[{"name":"wp","href":"https:\/\/api.w.org\/{rel}","templated":true}]}}